{"id":3923,"date":"2024-03-04T14:54:52","date_gmt":"2024-03-04T13:54:52","guid":{"rendered":"https:\/\/vipway.fr\/conditions-generales-de-vente\/"},"modified":"2026-03-28T10:33:18","modified_gmt":"2026-03-28T09:33:18","slug":"condiciones-generales-de-venta","status":"publish","type":"page","link":"https:\/\/vipway.fr\/es\/condiciones-generales-de-venta\/","title":{"rendered":"CONDICIONES GENERALES DE VENTA"},"content":{"rendered":"\n<style type=\"text\/css\" data-created_by=\"avia_inline_auto\" id=\"style-css-av-ltd05wre-a9b29684e855d6f2b282091131bb93d0\">\n#top .av-special-heading.av-ltd05wre-a9b29684e855d6f2b282091131bb93d0{\npadding-bottom:10px;\nfont-size:34px;\n}\nbody .av-special-heading.av-ltd05wre-a9b29684e855d6f2b282091131bb93d0 .av-special-heading-tag .heading-char{\nfont-size:25px;\n}\n#top #wrap_all .av-special-heading.av-ltd05wre-a9b29684e855d6f2b282091131bb93d0 .av-special-heading-tag{\nfont-size:34px;\n}\n.av-special-heading.av-ltd05wre-a9b29684e855d6f2b282091131bb93d0 .av-subheading{\nfont-size:15px;\n}\n\n@media only screen and (min-width: 480px) and (max-width: 767px){ \n#top #wrap_all .av-special-heading.av-ltd05wre-a9b29684e855d6f2b282091131bb93d0 .av-special-heading-tag{\nfont-size:0.8em;\n}\n}\n\n@media only screen and (max-width: 479px){ \n#top #wrap_all .av-special-heading.av-ltd05wre-a9b29684e855d6f2b282091131bb93d0 .av-special-heading-tag{\nfont-size:0.8em;\n}\n}\n<\/style>\n<div  class='av-special-heading av-ltd05wre-a9b29684e855d6f2b282091131bb93d0 av-special-heading-h3 blockquote modern-quote  avia-builder-el-0  el_before_av_two_third  avia-builder-el-first  av-inherit-size'><h3 class='av-special-heading-tag'  itemprop=\"headline\"  >CONDICIONES GENERALES DE VENTA DE VIP WAY S.A.S.:<\/h3><div class='av-subheading av-subheading_below'><p>Cualquier pedido realizado a la empresa VIP WAY implica la aceptaci\u00f3n de las siguientes condiciones de venta:<\/p>\n<\/div><div class=\"special-heading-border\"><div class=\"special-heading-inner-border\"><\/div><\/div><\/div>\n<div  class='flex_column av-av_two_third-db3c685d37a83d385059f6f31cd9c4a7 av_two_third  avia-builder-el-1  el_after_av_heading  el_before_av_one_third  first flex_column_div  '     ><section  class='av_textblock_section av-ltd06b8z-75eaf77d61377ccb7db227a7ce695e74 '   itemscope=\"itemscope\" itemtype=\"https:\/\/schema.org\/CreativeWork\" ><div class='avia_textblock'  itemprop=\"text\" ><p>\u2022 Las reservas canceladas con menos de 48 horas de antelaci\u00f3n al inicio del servicio, la ausencia del cliente en el punto de recogida, as\u00ed como<br \/>\nlas reservas no confirmadas, se cobrar\u00e1n al 100 % del precio indicado. Los dep\u00f3sitos recibidos no son reembolsables. Cualquier cancelaci\u00f3n por parte<br \/>\ndel cliente de una reserva, sea cual sea la causa, conlleva la p\u00e9rdida del dep\u00f3sito, en concepto de indemnizaci\u00f3n fija e irreducible.<br \/>\n\u2022 El cliente debe realizar el pedido al menos 72 horas antes de su evento para que este se satisfaga plenamente y se atienda en las mejores condiciones.<br \/>\nPasado este plazo, los pedidos se aceptar\u00e1n y confirmar\u00e1n en funci\u00f3n de la disponibilidad de la empresa VIP WAY.<br \/>\n\u2022 Nuestros servicios se abonan al finalizar el servicio, salvo en el caso de los clientes que dispongan de una cuenta en nuestro establecimiento, para los que se establece una facturaci\u00f3n peri\u00f3dica.<br \/>\nAceptamos pagos mediante cheque, efectivo, transferencia, tarjeta de cr\u00e9dito y American Express (el 5 % de las comisiones de la tarjeta de cr\u00e9dito correr\u00e1 a<br \/>\ncargo de los clientes).<br \/>\n\u2022 Cualquier servicio se abonar\u00e1 \u00edntegramente una vez finalizado.<br \/>\n\u2022 Las facturas se abonar\u00e1n a su recepci\u00f3n.\u2022 Cualquier importe no abonado en la fecha de vencimiento estar\u00e1 sujeto autom\u00e1ticamente, y sin previo aviso, a recargos por demora equivalentes a 1,5 veces el tipo legal<br \/>\nestablecido en la Ley 92.1442, de 31 de diciembre de 1992. En caso de retraso en el pago por parte del suscriptor, los pedidos o entregas en curso podr\u00e1n<br \/>\ncancelarse sin previo aviso y sin perjuicio de cualquier indemnizaci\u00f3n y\/o acci\u00f3n legal.<br \/>\n\u2022 El precio indicado corresponde a un precio por veh\u00edculo, independientemente del n\u00famero de personas, con un m\u00e1ximo de 4 personas para un turismo y de 7 personas para una<br \/>\nfurgoneta.<br \/>\n\u2022 La tarifa de traslado se aplica a un trayecto directo, sin paradas ni esperas, desde el punto de recogida hasta el punto de llegada.<br \/>\n\u2022 Se cobrar\u00e1 cualquier tiempo iniciado.<br \/>\n\u2022 El kilometraje y el tiempo se contabilizan al salir del garaje y al regresar al garaje.<br \/>\n\u2022 Cualquier exceso de tiempo y\/o kil\u00f3metros no previstos en el presupuesto inicial se cobrar\u00e1 aparte.<br \/>\n\u2022 Los peajes, aparcamientos, entradas a espect\u00e1culos, etc., no previstos en la reserva corren a cargo del cliente.<br \/>\n\u2022 Para los servicios en Par\u00eds y para todas las categor\u00edas de veh\u00edculos, se incluyen 20 km\/hora.<br \/>\n\u2022 Para todos los servicios (excepto los traslados) que comiencen antes del mediod\u00eda y terminen despu\u00e9s de las 14:00 h, as\u00ed como para todos los servicios realizados entre<br \/>\nlas 19:00 h y las 21:00 h, se cobrar\u00e1n las comidas de los conductores a 35,00 \u20ac (sin impuestos por comida).<br \/>\n\u2022 Para la recogida de equipaje en los aeropuertos, nuestros precios incluyen un tiempo de espera de 30 minutos respecto a la hora te\u00f3rica<br \/>\nde llegada del vuelo. Para la recogida de nuestros clientes en las estaciones, incluimos un tiempo de espera de 15 minutos respecto a la<br \/>\nhora te\u00f3rica de llegada del tren. VIP WAY no se hace responsable de los retrasos en el tr\u00e1fico ferroviario y a\u00e9reo ni de los caprichos del<br \/>\ncorrecto funcionamiento de los servicios aeroportuarios; m\u00e1s all\u00e1 de este tiempo de espera, se facturar\u00e1 un importe de 20,00 \u20ac (impuestos incluidos) en tarifa de d\u00eda laborable y de 27,00 \u20ac (impuestos incluidos)<br \/>\nen tarifas nocturnas, de d\u00eda laborable y de fin de semana, en incrementos de 15 minutos (se cobrar\u00e1 cualquier cuarto de hora iniciado).<br \/>\n\u2022 Se acuerda expresamente que los retrasos en los tiempos de transporte debidos a dificultades de tr\u00e1fico imprevistas no dan lugar a indemnizaci\u00f3n de ning\u00fan tipo<br \/>\n(atascos, accidentes, desv\u00edos, condiciones meteorol\u00f3gicas, acontecimientos diversos, etc.).<br \/>\n\u2022 Suplemento nocturno, domingos y festivos: +25 % del precio base.<br \/>\n\u2022 Servicio de disponibilidad en Par\u00eds: facturaci\u00f3n m\u00ednima de 5 horas.<br \/>\n\u2022 El volumen de equipaje transportado es proporcional a la capacidad del veh\u00edculo. Se acepta equipaje hasta un l\u00edmite de 23 kg por persona,<br \/>\ndependiendo de la capacidad \u00fatil del veh\u00edculo, y permanece bajo la custodia del mismo.<br \/>\n\u2022 La empresa declina toda responsabilidad por el transporte de equipaje de mano.<br \/>\n\u2022 La empresa no se hace responsable de los objetos que los pasajeros puedan olvidar en el veh\u00edculo (o en cualquier otro lugar) durante el servicio.<br \/>\n\u2022 Se exige el respeto por el equipamiento: cualquier da\u00f1o causado al mismo ser\u00e1 facturado. El deterioro del equipamiento interior u otros<br \/>\nda\u00f1os causados al veh\u00edculo o a otros veh\u00edculos, por ejemplo, al abrir las puertas de forma inesperada, ser\u00e1n responsabilidad<br \/>\ndel cliente. Por favor, deje que el conductor le abra las puertas.<br \/>\n\u2022 La empresa se reserva el derecho a interrumpir el servicio en curso si el comportamiento de los pasajeros pone en peligro la seguridad del conductor o<br \/>\nla del veh\u00edculo, o si los pasajeros se comportan de manera insultante hacia el conductor.<br \/>\n\u2022 El conductor tiene instrucciones de respetar y hacer cumplir la legislaci\u00f3n vigente.<br \/>\n\u2022 Bajo ninguna circunstancia los pasajeros podr\u00e1n exigir al conductor que supere la velocidad autorizada o cometa infracciones del<br \/>\nC\u00f3digo de Circulaci\u00f3n.<br \/>\n\u2022 Cada pasajero debe abrocharse el cintur\u00f3n de seguridad. En caso de accidente o multa, la empresa declina toda responsabilidad derivada del incumplimiento de la<br \/>\nobligaci\u00f3n de llevar el cintur\u00f3n de seguridad.<br \/>\n\u2022 No se admiten animales en el veh\u00edculo, salvo en jaulas o contenedores herm\u00e9ticos previstos para tal fin. Se hace una excepci\u00f3n con los<br \/>\nperros gu\u00eda para personas con discapacidad visual.<\/p>\n<\/div><\/section><\/div><div  class='flex_column av-av_one_third-40977bc09da27d5fd81d8979a05c6d09 av_one_third  avia-builder-el-3  el_after_av_two_third  avia-builder-el-last  flex_column_div  '     ><style type=\"text\/css\" data-created_by=\"avia_inline_auto\" id=\"style-css-av-mna4tlmi-0729fee649ca7a2624087de10b846430\">\n.avia-image-container.av-mna4tlmi-0729fee649ca7a2624087de10b846430 img.avia_image{\nbox-shadow:none;\n}\n.avia-image-container.av-mna4tlmi-0729fee649ca7a2624087de10b846430 .av-image-caption-overlay-center{\ncolor:#ffffff;\n}\n<\/style>\n<div  class='avia-image-container av-mna4tlmi-0729fee649ca7a2624087de10b846430 av-styling- avia-align-center  avia-builder-el-4  avia-builder-el-no-sibling '   itemprop=\"image\" itemscope=\"itemscope\" itemtype=\"https:\/\/schema.org\/ImageObject\" ><div class=\"avia-image-container-inner\"><div class=\"avia-image-overlay-wrap\"><a href=\"https:\/\/vipway.fr\/wp-content\/uploads\/2026\/03\/vitrophanie.jpg\" data-srcset=\"https:\/\/vipway.fr\/wp-content\/uploads\/2026\/03\/vitrophanie.jpg 909w, https:\/\/vipway.fr\/wp-content\/uploads\/2026\/03\/vitrophanie-300x300.jpg 300w, https:\/\/vipway.fr\/wp-content\/uploads\/2026\/03\/vitrophanie-80x80.jpg 80w, https:\/\/vipway.fr\/wp-content\/uploads\/2026\/03\/vitrophanie-768x768.jpg 768w, https:\/\/vipway.fr\/wp-content\/uploads\/2026\/03\/vitrophanie-36x36.jpg 36w, https:\/\/vipway.fr\/wp-content\/uploads\/2026\/03\/vitrophanie-180x180.jpg 180w, https:\/\/vipway.fr\/wp-content\/uploads\/2026\/03\/vitrophanie-705x705.jpg 705w\" data-sizes=\"(max-width: 909px) 100vw, 909px\" class='avia_image'  aria-label='CM2C'><img decoding=\"async\" class='wp-image-4078 avia-img-lazy-loading-not-4078 avia_image ' src=\"https:\/\/vipway.fr\/wp-content\/uploads\/2026\/03\/vitrophanie-300x300.jpg\" alt='' title='CM2C'  height=\"300\" width=\"300\"  itemprop=\"thumbnailUrl\" srcset=\"https:\/\/vipway.fr\/wp-content\/uploads\/2026\/03\/vitrophanie-300x300.jpg 300w, https:\/\/vipway.fr\/wp-content\/uploads\/2026\/03\/vitrophanie-80x80.jpg 80w, https:\/\/vipway.fr\/wp-content\/uploads\/2026\/03\/vitrophanie-768x768.jpg 768w, https:\/\/vipway.fr\/wp-content\/uploads\/2026\/03\/vitrophanie-36x36.jpg 36w, https:\/\/vipway.fr\/wp-content\/uploads\/2026\/03\/vitrophanie-180x180.jpg 180w, https:\/\/vipway.fr\/wp-content\/uploads\/2026\/03\/vitrophanie-705x705.jpg 705w, https:\/\/vipway.fr\/wp-content\/uploads\/2026\/03\/vitrophanie.jpg 909w\" sizes=\"(max-width: 300px) 100vw, 300px\" \/><\/a><\/div><\/div><\/div><\/div><\/p>\n","protected":false},"excerpt":{"rendered":"","protected":false},"author":1,"featured_media":0,"parent":0,"menu_order":0,"comment_status":"closed","ping_status":"closed","template":"","meta":[],"yoast_head":"<!-- This site is optimized with the Yoast SEO plugin v20.1 - https:\/\/yoast.com\/wordpress\/plugins\/seo\/ -->\n<title>CONDICIONES GENERALES DE VENTA - VIPWAY<\/title>\n<meta name=\"robots\" content=\"index, follow, max-snippet:-1, max-image-preview:large, max-video-preview:-1\" \/>\n<link rel=\"canonical\" href=\"https:\/\/vipway.fr\/es\/condiciones-generales-de-venta\/\" \/>\n<meta property=\"og:locale\" content=\"es_ES\" \/>\n<meta property=\"og:type\" content=\"article\" \/>\n<meta property=\"og:title\" content=\"CONDICIONES GENERALES DE VENTA - VIPWAY\" \/>\n<meta property=\"og:url\" content=\"https:\/\/vipway.fr\/es\/condiciones-generales-de-venta\/\" \/>\n<meta property=\"og:site_name\" content=\"VIPWAY\" \/>\n<meta property=\"article:modified_time\" content=\"2026-03-28T09:33:18+00:00\" \/>\n<meta name=\"twitter:card\" content=\"summary_large_image\" \/>\n<meta name=\"twitter:label1\" content=\"Tiempo de lectura\" \/>\n\t<meta name=\"twitter:data1\" content=\"5 minutos\" \/>\n<script type=\"application\/ld+json\" class=\"yoast-schema-graph\">{\"@context\":\"https:\/\/schema.org\",\"@graph\":[{\"@type\":\"WebPage\",\"@id\":\"https:\/\/vipway.fr\/es\/condiciones-generales-de-venta\/\",\"url\":\"https:\/\/vipway.fr\/es\/condiciones-generales-de-venta\/\",\"name\":\"CONDICIONES GENERALES DE VENTA - VIPWAY\",\"isPartOf\":{\"@id\":\"https:\/\/vipway.fr\/#website\"},\"datePublished\":\"2024-03-04T13:54:52+00:00\",\"dateModified\":\"2026-03-28T09:33:18+00:00\",\"breadcrumb\":{\"@id\":\"https:\/\/vipway.fr\/es\/condiciones-generales-de-venta\/#breadcrumb\"},\"inLanguage\":\"es\",\"potentialAction\":[{\"@type\":\"ReadAction\",\"target\":[\"https:\/\/vipway.fr\/es\/condiciones-generales-de-venta\/\"]}]},{\"@type\":\"BreadcrumbList\",\"@id\":\"https:\/\/vipway.fr\/es\/condiciones-generales-de-venta\/#breadcrumb\",\"itemListElement\":[{\"@type\":\"ListItem\",\"position\":1,\"name\":\"Accueil\",\"item\":\"https:\/\/vipway.fr\/es\/servicio-de-coche-con-chofer\/\"},{\"@type\":\"ListItem\",\"position\":2,\"name\":\"CONDICIONES GENERALES DE VENTA\"}]},{\"@type\":\"WebSite\",\"@id\":\"https:\/\/vipway.fr\/#website\",\"url\":\"https:\/\/vipway.fr\/\",\"name\":\"VIPWAY\",\"description\":\"SERVICE DE VOITURES AVEC CHAUFFEUR \u2022 TRAITEUR\",\"publisher\":{\"@id\":\"https:\/\/vipway.fr\/#organization\"},\"potentialAction\":[{\"@type\":\"SearchAction\",\"target\":{\"@type\":\"EntryPoint\",\"urlTemplate\":\"https:\/\/vipway.fr\/?s={search_term_string}\"},\"query-input\":\"required name=search_term_string\"}],\"inLanguage\":\"es\"},{\"@type\":\"Organization\",\"@id\":\"https:\/\/vipway.fr\/#organization\",\"name\":\"VIPWAY\",\"url\":\"https:\/\/vipway.fr\/\",\"logo\":{\"@type\":\"ImageObject\",\"inLanguage\":\"es\",\"@id\":\"https:\/\/vipway.fr\/#\/schema\/logo\/image\/\",\"url\":\"https:\/\/vipway.fr\/wp-content\/uploads\/2015\/04\/LogoVIPWAYnoir.png\",\"contentUrl\":\"https:\/\/vipway.fr\/wp-content\/uploads\/2015\/04\/LogoVIPWAYnoir.png\",\"width\":567,\"height\":218,\"caption\":\"VIPWAY\"},\"image\":{\"@id\":\"https:\/\/vipway.fr\/#\/schema\/logo\/image\/\"}}]}<\/script>\n<!-- \/ Yoast SEO plugin. -->","yoast_head_json":{"title":"CONDICIONES GENERALES DE VENTA - VIPWAY","robots":{"index":"index","follow":"follow","max-snippet":"max-snippet:-1","max-image-preview":"max-image-preview:large","max-video-preview":"max-video-preview:-1"},"canonical":"https:\/\/vipway.fr\/es\/condiciones-generales-de-venta\/","og_locale":"es_ES","og_type":"article","og_title":"CONDICIONES GENERALES DE VENTA - VIPWAY","og_url":"https:\/\/vipway.fr\/es\/condiciones-generales-de-venta\/","og_site_name":"VIPWAY","article_modified_time":"2026-03-28T09:33:18+00:00","twitter_card":"summary_large_image","twitter_misc":{"Tiempo de lectura":"5 minutos"},"schema":{"@context":"https:\/\/schema.org","@graph":[{"@type":"WebPage","@id":"https:\/\/vipway.fr\/es\/condiciones-generales-de-venta\/","url":"https:\/\/vipway.fr\/es\/condiciones-generales-de-venta\/","name":"CONDICIONES GENERALES DE VENTA - VIPWAY","isPartOf":{"@id":"https:\/\/vipway.fr\/#website"},"datePublished":"2024-03-04T13:54:52+00:00","dateModified":"2026-03-28T09:33:18+00:00","breadcrumb":{"@id":"https:\/\/vipway.fr\/es\/condiciones-generales-de-venta\/#breadcrumb"},"inLanguage":"es","potentialAction":[{"@type":"ReadAction","target":["https:\/\/vipway.fr\/es\/condiciones-generales-de-venta\/"]}]},{"@type":"BreadcrumbList","@id":"https:\/\/vipway.fr\/es\/condiciones-generales-de-venta\/#breadcrumb","itemListElement":[{"@type":"ListItem","position":1,"name":"Accueil","item":"https:\/\/vipway.fr\/es\/servicio-de-coche-con-chofer\/"},{"@type":"ListItem","position":2,"name":"CONDICIONES GENERALES DE VENTA"}]},{"@type":"WebSite","@id":"https:\/\/vipway.fr\/#website","url":"https:\/\/vipway.fr\/","name":"VIPWAY","description":"SERVICE DE VOITURES AVEC CHAUFFEUR \u2022 TRAITEUR","publisher":{"@id":"https:\/\/vipway.fr\/#organization"},"potentialAction":[{"@type":"SearchAction","target":{"@type":"EntryPoint","urlTemplate":"https:\/\/vipway.fr\/?s={search_term_string}"},"query-input":"required name=search_term_string"}],"inLanguage":"es"},{"@type":"Organization","@id":"https:\/\/vipway.fr\/#organization","name":"VIPWAY","url":"https:\/\/vipway.fr\/","logo":{"@type":"ImageObject","inLanguage":"es","@id":"https:\/\/vipway.fr\/#\/schema\/logo\/image\/","url":"https:\/\/vipway.fr\/wp-content\/uploads\/2015\/04\/LogoVIPWAYnoir.png","contentUrl":"https:\/\/vipway.fr\/wp-content\/uploads\/2015\/04\/LogoVIPWAYnoir.png","width":567,"height":218,"caption":"VIPWAY"},"image":{"@id":"https:\/\/vipway.fr\/#\/schema\/logo\/image\/"}}]}},"_links":{"self":[{"href":"https:\/\/vipway.fr\/es\/wp-json\/wp\/v2\/pages\/3923"}],"collection":[{"href":"https:\/\/vipway.fr\/es\/wp-json\/wp\/v2\/pages"}],"about":[{"href":"https:\/\/vipway.fr\/es\/wp-json\/wp\/v2\/types\/page"}],"author":[{"embeddable":true,"href":"https:\/\/vipway.fr\/es\/wp-json\/wp\/v2\/users\/1"}],"replies":[{"embeddable":true,"href":"https:\/\/vipway.fr\/es\/wp-json\/wp\/v2\/comments?post=3923"}],"version-history":[{"count":3,"href":"https:\/\/vipway.fr\/es\/wp-json\/wp\/v2\/pages\/3923\/revisions"}],"predecessor-version":[{"id":4082,"href":"https:\/\/vipway.fr\/es\/wp-json\/wp\/v2\/pages\/3923\/revisions\/4082"}],"wp:attachment":[{"href":"https:\/\/vipway.fr\/es\/wp-json\/wp\/v2\/media?parent=3923"}],"curies":[{"name":"wp","href":"https:\/\/api.w.org\/{rel}","templated":true}]}}